{"id":84,"date":"2024-10-15T17:51:17","date_gmt":"2024-10-15T15:51:17","guid":{"rendered":"https:\/\/losdeglingados.com\/?page_id=84"},"modified":"2025-03-03T19:37:15","modified_gmt":"2025-03-03T18:37:15","slug":"accueil","status":"publish","type":"page","link":"https:\/\/losdeglingados.com\/","title":{"rendered":""},"content":{"rendered":"\n<p>Monte le son !<\/p>\n\n\n\n<figure class=\"wp-block-video alignwide\"><video height=\"1080\" style=\"aspect-ratio: 1920 \/ 1080;\" width=\"1920\" autoplay controls loop muted src=\"https:\/\/losdeglingados.com\/wp-content\/uploads\/2024\/10\/Teaser-Deglingados-Version-finale-courte.mp4\" playsinline><\/video><\/figure>\n\n\n\n<p>Los D\u00e9glingados est un orchestre de bal populaire qui propose un show endiabl\u00e9 autour des 90&rsquo;s.<\/p>\n\n\n\n<p>V\u00e9ritable retour vers le futur, il vous propulse dans une euphorie collective avec son cort\u00e8ge de r\u00e9f\u00e9rences cultes et de medleys insolites.<\/p>\n\n\n\n<p>Compos\u00e9 de 7 musiciens couteaux suisses,<\/p>\n\n\n\n<p>son but est simple : mettre la musique au service de la f\u00eate !<\/p>\n\n\n\n<p>Un warm up, plus de 3 heures de musique live, ainsi qu\u2019un DJ set jusqu\u2019au bout de la nuit pour une exp\u00e9rience hors du commun.<\/p>\n\n\n\n<p>Los D\u00e9glingados ont inspir\u00e9s des g\u00e9n\u00e9rations enti\u00e8res de fran\u00e7ais\u00b7es qui n\u2019existent pas encore.<\/p>\n\n\n\n<figure data-wp-context=\"{&quot;imageId&quot;:&quot;6a012f6b0c672&quot;}\" data-wp-interactive=\"core\/image\" data-wp-key=\"6a012f6b0c672\" class=\"wp-block-image alignwide size-large wp-lightbox-container\"><img loading=\"lazy\" decoding=\"async\" width=\"1024\" height=\"576\" data-wp-class--hide=\"state.isContentHidden\" data-wp-class--show=\"state.isContentVisible\" data-wp-init=\"callbacks.setButtonStyles\" data-wp-on--click=\"actions.showLightbox\" data-wp-on--load=\"callbacks.setButtonStyles\" data-wp-on-window--resize=\"callbacks.setButtonStyles\" src=\"https:\/\/losdeglingados.com\/wp-content\/uploads\/2024\/10\/LOS-DEGLINGADOS-_equipe_transparent-1024x576.png\" alt=\"\" class=\"wp-image-35\" srcset=\"https:\/\/losdeglingados.com\/wp-content\/uploads\/2024\/10\/LOS-DEGLINGADOS-_equipe_transparent-1024x576.png 1024w, https:\/\/losdeglingados.com\/wp-content\/uploads\/2024\/10\/LOS-DEGLINGADOS-_equipe_transparent-300x169.png 300w, https:\/\/losdeglingados.com\/wp-content\/uploads\/2024\/10\/LOS-DEGLINGADOS-_equipe_transparent-768x432.png 768w, https:\/\/losdeglingados.com\/wp-content\/uploads\/2024\/10\/LOS-DEGLINGADOS-_equipe_transparent-1536x864.png 1536w, https:\/\/losdeglingados.com\/wp-content\/uploads\/2024\/10\/LOS-DEGLINGADOS-_equipe_transparent.png 1680w\" sizes=\"auto, (max-width: 1024px) 100vw, 1024px\" \/><button\n\t\t\tclass=\"lightbox-trigger\"\n\t\t\ttype=\"button\"\n\t\t\taria-haspopup=\"dialog\"\n\t\t\taria-label=\"Agrandir\"\n\t\t\tdata-wp-init=\"callbacks.initTriggerButton\"\n\t\t\tdata-wp-on--click=\"actions.showLightbox\"\n\t\t\tdata-wp-style--right=\"state.imageButtonRight\"\n\t\t\tdata-wp-style--top=\"state.imageButtonTop\"\n\t\t>\n\t\t\t<svg xmlns=\"http:\/\/www.w3.org\/2000\/svg\" width=\"12\" height=\"12\" fill=\"none\" viewBox=\"0 0 12 12\">\n\t\t\t\t<path fill=\"#fff\" d=\"M2 0a2 2 0 0 0-2 2v2h1.5V2a.5.5 0 0 1 .5-.5h2V0H2Zm2 10.5H2a.5.5 0 0 1-.5-.5V8H0v2a2 2 0 0 0 2 2h2v-1.5ZM8 12v-1.5h2a.5.5 0 0 0 .5-.5V8H12v2a2 2 0 0 1-2 2H8Zm2-12a2 2 0 0 1 2 2v2h-1.5V2a.5.5 0 0 0-.5-.5H8V0h2Z\" \/>\n\t\t\t<\/svg>\n\t\t<\/button><\/figure>\n\n\n\n<div class=\"wp-block-buttons is-content-justification-center is-layout-flex wp-container-core-buttons-is-layout-a89b3969 wp-block-buttons-is-layout-flex\">\n<div class=\"wp-block-button\"><a class=\"wp-block-button__link wp-element-button\" href=\"https:\/\/losdeglingados.com\/index.php\/mais-qui-sont-les-deglingados\/\">LEURS VIES INCROYABLES<\/a><\/div>\n<\/div>\n\n\n\n<figure class=\"wp-block-image aligncenter size-full\"><img loading=\"lazy\" decoding=\"async\" width=\"289\" height=\"116\" src=\"https:\/\/losdeglingados.com\/wp-content\/uploads\/2024\/10\/Historique_du_groupe-1.png\" alt=\"\" class=\"wp-image-37\"\/><\/figure>\n\n\n\n<p>Los D\u00e9glingados naissent en 2022 afin de sauver le statut d\u2019intermittent de JP Fonky (chant\/sax). Une tourn\u00e9e colossale est alors organis\u00e9e dans les bars de la r\u00e9gion.<\/p>\n\n\n\n<p>Tr\u00e8s vite, ils sont rep\u00e9r\u00e9s pas les comit\u00e9s des f\u00eates qui leur proposent de plus en plus de dates d\u00e9brid\u00e9es.<\/p>\n\n\n\n<p>Los D\u00e9glingados se mettent alors en qu\u00eate de diffuser leur \u00e9nergie festive et musicale au service d\u2019une culture populaire marqu\u00e9e par les ann\u00e9es 90.<\/p>\n\n\n\n<div class=\"wp-block-buttons is-content-justification-center is-layout-flex wp-container-core-buttons-is-layout-a89b3969 wp-block-buttons-is-layout-flex\">\n<div class=\"wp-block-button\"><a class=\"wp-block-button__link wp-element-button\" href=\"https:\/\/losdeglingados.com\/index.php\/gallerie-photo\/\">GALLERIE PHOTO<\/a><\/div>\n<\/div>\n\n\n\n<blockquote class=\"wp-block-quote is-style-plain is-layout-flow wp-block-quote-is-layout-flow is-style-plain--1\">\n<p class=\"has-text-align-center has-base-2-color has-text-color has-link-color wp-elements-a5a3f31036dcc74af627cb8e1f9851e0\">\u00ab\u00a0<em><strong>On n&rsquo;est pas Los D\u00e9glingos, on est Los D\u00e9glingAAAAAdos !<\/strong><\/em> \u00ab\u00a0<\/p>\n<\/blockquote>\n\n\n\n<p class=\"has-text-align-center\"><strong>T\u00e9l\u00e9chargez notre plaquette et contactez nous par mail \u00e0 : LOSDEGLINGADOS@GMAIL..COM<\/strong><\/p>\n\n\n\n<div class=\"wp-block-file\"><a id=\"wp-block-file--media-903f5bf8-c4fe-42eb-a26a-d70164ac4d98\" href=\"https:\/\/losdeglingados.com\/wp-content\/uploads\/2024\/10\/LOS-DEGLINGADOS-LE-GRAND-BAL-DES-ANNEES-90_Doss.pdf\">LOS DEGLINGADOS &#8211; LE GRAND BAL DES ANNEES 90_Doss<\/a><a href=\"https:\/\/losdeglingados.com\/wp-content\/uploads\/2024\/10\/LOS-DEGLINGADOS-LE-GRAND-BAL-DES-ANNEES-90_Doss.pdf\" class=\"wp-block-file__button wp-element-button\" download aria-describedby=\"wp-block-file--media-903f5bf8-c4fe-42eb-a26a-d70164ac4d98\">T\u00e9l\u00e9charger<\/a><\/div>\n\n\n<style id=\"wpforms-css-vars-172-block-5522c1a0-bc90-424a-a761-7eb2336eab18\">\n\t\t\t\t#wpforms-172.wpforms-block-5522c1a0-bc90-424a-a761-7eb2336eab18 {\n\t\t\t\t--wpforms-label-color: #ffffff;\n--wpforms-label-sublabel-color: #7f7f7f;\n--wpforms-label-error-color: #ff0000;\n--wpforms-page-break-color: #dddddd;\n--wpforms-field-border-radius: 0px;\n--wpforms-field-border-color: #cccccc;\n--wpforms-field-border-color-spare: #cccccc;\n--wpforms-field-text-color: #ffffff;\n--wpforms-button-border-style: solid;\n--wpforms-button-border-radius: 0px;\n--wpforms-button-background-color: #dddddd;\n--wpforms-button-text-color: #251c8b;\n--wpforms-button-border-color: #cccccc;\n--wpforms-field-size-input-height: 43px;\n--wpforms-field-size-input-spacing: 15px;\n--wpforms-field-size-font-size: 16px;\n--wpforms-field-size-line-height: 19px;\n--wpforms-field-size-padding-h: 14px;\n--wpforms-field-size-checkbox-size: 16px;\n--wpforms-field-size-sublabel-spacing: 5px;\n--wpforms-field-size-icon-size: 1;\n--wpforms-label-size-font-size: 14px;\n--wpforms-label-size-line-height: 17px;\n--wpforms-label-size-sublabel-font-size: 13px;\n--wpforms-label-size-sublabel-line-height: 16px;\n--wpforms-button-size-font-size: 17px;\n--wpforms-button-size-height: 41px;\n--wpforms-button-size-padding-h: 15px;\n--wpforms-button-size-margin-top: 10px;\n\n\t\t\t}\n\t\t\t<\/style><div class=\"wpforms-container wpforms-container-full wpforms-block wpforms-block-5522c1a0-bc90-424a-a761-7eb2336eab18 wpforms-render-modern\" id=\"wpforms-172\"><form id=\"wpforms-form-172\" class=\"wpforms-validate wpforms-form wpforms-ajax-form\" data-formid=\"172\" method=\"post\" enctype=\"multipart\/form-data\" action=\"\/index.php\/wp-json\/wp\/v2\/pages\/84\" data-token=\"bcd8b68849e22b45e291f615c6e42110\" data-token-time=\"1778462571\"><noscript class=\"wpforms-error-noscript\">Veuillez activer JavaScript dans votre navigateur pour remplir ce formulaire.<\/noscript><div class=\"wpforms-hidden\" id=\"wpforms-error-noscript\">Veuillez activer JavaScript dans votre navigateur pour remplir ce formulaire.<\/div><div class=\"wpforms-field-container\"><div id=\"wpforms-172-field_1-container\" class=\"wpforms-field wpforms-field-name\" data-field-id=\"1\"><fieldset><legend class=\"wpforms-field-label\">Name <span class=\"wpforms-required-label\" aria-hidden=\"true\">*<\/span><\/legend><div class=\"wpforms-field-row wpforms-field-medium\"><div class=\"wpforms-field-row-block wpforms-first wpforms-one-half\"><input type=\"text\" id=\"wpforms-172-field_1\" class=\"wpforms-field-name-first wpforms-field-required\" name=\"wpforms[fields][1][first]\" aria-errormessage=\"wpforms-172-field_1-error\" required><label for=\"wpforms-172-field_1\" class=\"wpforms-field-sublabel after\">Pr\u00e9nom<\/label><\/div><div class=\"wpforms-field-row-block wpforms-one-half\"><input type=\"text\" id=\"wpforms-172-field_1-last\" class=\"wpforms-field-name-last wpforms-field-required\" name=\"wpforms[fields][1][last]\" aria-errormessage=\"wpforms-172-field_1-last-error\" required><label for=\"wpforms-172-field_1-last\" class=\"wpforms-field-sublabel after\">Nom<\/label><\/div><\/div><\/fieldset><\/div><div id=\"wpforms-172-field_2-container\" class=\"wpforms-field wpforms-field-email\" data-field-id=\"2\"><label class=\"wpforms-field-label\" for=\"wpforms-172-field_2\">Email <span class=\"wpforms-required-label\" aria-hidden=\"true\">*<\/span><\/label><input type=\"email\" id=\"wpforms-172-field_2\" class=\"wpforms-field-medium wpforms-field-required\" name=\"wpforms[fields][2]\" spellcheck=\"false\" aria-errormessage=\"wpforms-172-field_2-error\" required><\/div><div id=\"wpforms-172-field_3-container\" class=\"wpforms-field wpforms-field-textarea\" data-field-id=\"3\"><label class=\"wpforms-field-label\" for=\"wpforms-172-field_3\">Comment or Message<\/label><textarea id=\"wpforms-172-field_3\" class=\"wpforms-field-medium\" name=\"wpforms[fields][3]\" aria-errormessage=\"wpforms-172-field_3-error\" ><\/textarea><\/div><\/div><!-- .wpforms-field-container --><div class=\"wpforms-submit-container\" ><input type=\"hidden\" name=\"wpforms[id]\" value=\"172\"><input type=\"hidden\" name=\"page_title\" value=\"\"><input type=\"hidden\" name=\"page_url\" value=\"https:\/\/losdeglingados.com\/index.php\/wp-json\/wp\/v2\/pages\/84\"><input type=\"hidden\" name=\"url_referer\" value=\"\"><button type=\"submit\" name=\"wpforms[submit]\" id=\"wpforms-submit-172\" class=\"wpforms-submit\" data-alt-text=\"Sending...\" data-submit-text=\"Submit\" aria-live=\"assertive\" value=\"wpforms-submit\">Submit<\/button><img loading=\"lazy\" decoding=\"async\" src=\"https:\/\/losdeglingados.com\/wp-content\/plugins\/wpforms-lite\/assets\/images\/submit-spin.svg\" class=\"wpforms-submit-spinner\" style=\"display: none;\" width=\"26\" height=\"26\" alt=\"Chargement en cours\"><\/div><\/form><\/div>  <!-- .wpforms-container -->","protected":false},"excerpt":{"rendered":"<p>Monte le son ! Los D\u00e9glingados est un orchestre de bal populaire qui propose un show endiabl\u00e9 autour des 90&rsquo;s. V\u00e9ritable retour vers le futur, il vous propulse dans une euphorie collective avec son cort\u00e8ge de r\u00e9f\u00e9rences cultes et de medleys insolites. Compos\u00e9 de 7 musiciens couteaux suisses, son but est simple : mettre la [&hellip;]<\/p>\n","protected":false},"author":2,"featured_media":0,"parent":0,"menu_order":0,"comment_status":"closed","ping_status":"closed","template":"","meta":{"footnotes":""},"class_list":["post-84","page","type-page","status-publish","hentry"],"_links":{"self":[{"href":"https:\/\/losdeglingados.com\/index.php\/wp-json\/wp\/v2\/pages\/84","targetHints":{"allow":["GET"]}}],"collection":[{"href":"https:\/\/losdeglingados.com\/index.php\/wp-json\/wp\/v2\/pages"}],"about":[{"href":"https:\/\/losdeglingados.com\/index.php\/wp-json\/wp\/v2\/types\/page"}],"author":[{"embeddable":true,"href":"https:\/\/losdeglingados.com\/index.php\/wp-json\/wp\/v2\/users\/2"}],"replies":[{"embeddable":true,"href":"https:\/\/losdeglingados.com\/index.php\/wp-json\/wp\/v2\/comments?post=84"}],"version-history":[{"count":20,"href":"https:\/\/losdeglingados.com\/index.php\/wp-json\/wp\/v2\/pages\/84\/revisions"}],"predecessor-version":[{"id":184,"href":"https:\/\/losdeglingados.com\/index.php\/wp-json\/wp\/v2\/pages\/84\/revisions\/184"}],"wp:attachment":[{"href":"https:\/\/losdeglingados.com\/index.php\/wp-json\/wp\/v2\/media?parent=84"}],"curies":[{"name":"wp","href":"https:\/\/api.w.org\/{rel}","templated":true}]}}